{"id":8,"date":"2021-07-16T12:11:00","date_gmt":"2021-07-16T12:11:00","guid":{"rendered":"http:\/\/eiandyplanet.com\/?page_id=8"},"modified":"2026-05-02T15:58:01","modified_gmt":"2026-05-02T13:58:01","slug":"inicio","status":"publish","type":"page","link":"https:\/\/eiandyplanet.com\/","title":{"rendered":"CENTRO INFANTIL EIANDY PLANET"},"content":{"rendered":"\t\t<div data-elementor-type=\"wp-page\" data-elementor-id=\"8\" class=\"elementor elementor-8\" data-elementor-post-type=\"page\">\n\t\t\t\t\t\t<section class=\"elementor-section elementor-top-section elementor-element elementor-element-ec283b3 elementor-section-full_width elementor-section-height-min-height elementor-section-height-default elementor-section-items-middle\" data-id=\"ec283b3\" data-element_type=\"section\" data-e-type=\"section\">\n\t\t\t\t\t\t<div class=\"elementor-container elementor-column-gap-default\">\n\t\t\t\t\t<div class=\"elementor-column elementor-col-100 elementor-top-column elementor-element elementor-element-b57146f\" data-id=\"b57146f\" data-element_type=\"column\" data-e-type=\"column\" data-settings=\"{&quot;background_background&quot;:&quot;slideshow&quot;,&quot;background_slideshow_gallery&quot;:[],&quot;background_slideshow_loop&quot;:&quot;yes&quot;,&quot;background_slideshow_slide_duration&quot;:5000,&quot;background_slideshow_slide_transition&quot;:&quot;fade&quot;,&quot;background_slideshow_transition_duration&quot;:500}\">\n\t\t\t<div class=\"elementor-widget-wrap elementor-element-populated\">\n\t\t\t\t\t\t<div class=\"elementor-element elementor-element-d06ed4b elementor--h-position-center elementor--v-position-middle elementor-arrows-position-inside elementor-pagination-position-inside elementor-widget elementor-widget-slides\" data-id=\"d06ed4b\" data-element_type=\"widget\" data-e-type=\"widget\" data-settings=\"{&quot;navigation&quot;:&quot;both&quot;,&quot;autoplay&quot;:&quot;yes&quot;,&quot;pause_on_hover&quot;:&quot;yes&quot;,&quot;pause_on_interaction&quot;:&quot;yes&quot;,&quot;autoplay_speed&quot;:5000,&quot;infinite&quot;:&quot;yes&quot;,&quot;transition&quot;:&quot;slide&quot;,&quot;transition_speed&quot;:500}\" data-widget_type=\"slides.default\">\n\t\t\t\t<div class=\"elementor-widget-container\">\n\t\t\t\t\t\t\t\t\t<div class=\"elementor-swiper\">\n\t\t\t\t\t<div class=\"elementor-slides-wrapper elementor-main-swiper swiper\" role=\"region\" aria-roledescription=\"carousel\" aria-label=\"Diapositivas\" dir=\"ltr\" data-animation=\"fadeInUp\">\n\t\t\t\t<div class=\"swiper-wrapper elementor-slides\">\n\t\t\t\t\t\t\t\t\t\t<div class=\"elementor-repeater-item-d62e71d swiper-slide\" role=\"group\" aria-roledescription=\"slide\"><div class=\"swiper-slide-bg elementor-ken-burns elementor-ken-burns--in\" role=\"img\"><\/div><div class=\"elementor-background-overlay\"><\/div><a class=\"swiper-slide-inner\" href=\"https:\/\/eiandyplanet.com\/?page_id=276\"><div class=\"swiper-slide-contents\"><div class=\"elementor-slide-heading\">Nuestro equipo<\/div><div class=\"elementor-slide-description\">Te presentamos a nuestra peque\u00f1a gran familia<\/div><div  class=\"elementor-button elementor-slide-button elementor-size-xs\">Haz clic aqu\u00ed<\/div><\/div><\/a><\/div><div class=\"elementor-repeater-item-ff25356 swiper-slide\" role=\"group\" aria-roledescription=\"slide\"><div class=\"swiper-slide-bg elementor-ken-burns elementor-ken-burns--in\" role=\"img\"><\/div><div class=\"elementor-background-overlay\"><\/div><div class=\"swiper-slide-inner\" ><div class=\"swiper-slide-contents\"><div class=\"elementor-slide-heading\">Centro infantil de 0-3 a\u00f1os<\/div><div class=\"elementor-slide-description\">Nos adaptamos a las necesidades y ritmos de cada ni\u00f1o<\/div><\/div><\/div><\/div><div class=\"elementor-repeater-item-c54125a swiper-slide\" role=\"group\" aria-roledescription=\"slide\"><div class=\"swiper-slide-bg elementor-ken-burns elementor-ken-burns--in\" role=\"img\"><\/div><div class=\"elementor-background-overlay\"><\/div><a class=\"swiper-slide-inner\" href=\"https:\/\/eiandyplanet.com\/?page_id=527\"><div class=\"swiper-slide-contents\"><div class=\"elementor-slide-heading\">Campamento Urbano<\/div><div class=\"elementor-slide-description\">Semana Santa - Verano - Navidad<\/div><div  class=\"elementor-button elementor-slide-button elementor-size-xs\">Haz clic aqu\u00ed<\/div><\/div><\/a><\/div>\t\t\t\t<\/div>\n\t\t\t\t\t\t\t\t\t\t\t\t\t\t\t<div class=\"elementor-swiper-button elementor-swiper-button-prev\" role=\"button\" tabindex=\"0\" aria-label=\"Diapositiva anterior\">\n\t\t\t\t\t\t\t<i aria-hidden=\"true\" class=\"eicon-chevron-left\"><\/i>\t\t\t\t\t\t<\/div>\n\t\t\t\t\t\t<div class=\"elementor-swiper-button elementor-swiper-button-next\" role=\"button\" tabindex=\"0\" aria-label=\"Diapositiva siguiente\">\n\t\t\t\t\t\t\t<i aria-hidden=\"true\" class=\"eicon-chevron-right\"><\/i>\t\t\t\t\t\t<\/div>\n\t\t\t\t\t\t\t\t\t\t\t\t\t\t\t\t<div class=\"swiper-pagination\"><\/div>\n\t\t\t\t\t\t\t\t\t\t\t\t<\/div>\n\t\t\t\t<\/div>\n\t\t\t\t\t\t\t\t<\/div>\n\t\t\t\t<\/div>\n\t\t\t\t\t<\/div>\n\t\t<\/div>\n\t\t\t\t\t<\/div>\n\t\t<\/section>\n\t\t<div class=\"elementor-element elementor-element-70c1851 e-flex e-con-boxed e-con e-parent\" data-id=\"70c1851\" data-element_type=\"container\" data-e-type=\"container\">\n\t\t\t\t\t<div class=\"e-con-inner\">\n\t\t\t\t<div class=\"elementor-element elementor-element-07467a0 elementor-widget elementor-widget-spacer\" data-id=\"07467a0\" data-element_type=\"widget\" data-e-type=\"widget\" data-widget_type=\"spacer.default\">\n\t\t\t\t<div class=\"elementor-widget-container\">\n\t\t\t\t\t\t\t<div class=\"elementor-spacer\">\n\t\t\t<div class=\"elementor-spacer-inner\"><\/div>\n\t\t<\/div>\n\t\t\t\t\t\t<\/div>\n\t\t\t\t<\/div>\n\t\t\t\t<div class=\"elementor-element elementor-element-c7cda5d elementor-widget elementor-widget-image\" data-id=\"c7cda5d\" data-element_type=\"widget\" data-e-type=\"widget\" data-widget_type=\"image.default\">\n\t\t\t\t<div class=\"elementor-widget-container\">\n\t\t\t\t\t\t\t\t\t\t\t\t\t\t\t<img fetchpriority=\"high\" decoding=\"async\" width=\"400\" height=\"200\" src=\"https:\/\/eiandyplanet.com\/wp-content\/uploads\/2021\/08\/cropped-eiandy-1.jpg\" class=\"attachment-large size-large wp-image-244\" alt=\"\" srcset=\"https:\/\/eiandyplanet.com\/wp-content\/uploads\/2021\/08\/cropped-eiandy-1.jpg 400w, https:\/\/eiandyplanet.com\/wp-content\/uploads\/2021\/08\/cropped-eiandy-1-300x150.jpg 300w\" sizes=\"(max-width: 400px) 100vw, 400px\" \/>\t\t\t\t\t\t\t\t\t\t\t\t\t\t\t<\/div>\n\t\t\t\t<\/div>\n\t\t\t\t<div class=\"elementor-element elementor-element-8731b56 elementor-widget elementor-widget-spacer\" data-id=\"8731b56\" data-element_type=\"widget\" data-e-type=\"widget\" data-widget_type=\"spacer.default\">\n\t\t\t\t<div class=\"elementor-widget-container\">\n\t\t\t\t\t\t\t<div class=\"elementor-spacer\">\n\t\t\t<div class=\"elementor-spacer-inner\"><\/div>\n\t\t<\/div>\n\t\t\t\t\t\t<\/div>\n\t\t\t\t<\/div>\n\t\t\t\t\t<\/div>\n\t\t\t\t<\/div>\n\t\t\t\t<section class=\"elementor-section elementor-top-section elementor-element elementor-element-2d4f773 elementor-section-boxed elementor-section-height-default elementor-section-height-default\" data-id=\"2d4f773\" data-element_type=\"section\" data-e-type=\"section\">\n\t\t\t\t\t\t<div class=\"elementor-container elementor-column-gap-default\">\n\t\t\t\t\t<div class=\"elementor-column elementor-col-100 elementor-top-column elementor-element elementor-element-f4d2670\" data-id=\"f4d2670\" data-element_type=\"column\" data-e-type=\"column\">\n\t\t\t<div class=\"elementor-widget-wrap elementor-element-populated\">\n\t\t\t\t\t\t<div class=\"elementor-element elementor-element-7941972 elementor-widget elementor-widget-heading\" data-id=\"7941972\" data-element_type=\"widget\" data-e-type=\"widget\" data-widget_type=\"heading.default\">\n\t\t\t\t<div class=\"elementor-widget-container\">\n\t\t\t\t\t<h2 class=\"elementor-heading-title elementor-size-default\">Centro infantil Eiandy Planet<\/h2>\t\t\t\t<\/div>\n\t\t\t\t<\/div>\n\t\t\t\t<div class=\"elementor-element elementor-element-c580ed2 elementor-widget__width-initial elementor-widget elementor-widget-text-editor\" data-id=\"c580ed2\" data-element_type=\"widget\" data-e-type=\"widget\" data-widget_type=\"text-editor.default\">\n\t\t\t\t<div class=\"elementor-widget-container\">\n\t\t\t\t\t\t\t\t\t<p>Centro subvencionado por la Junta de Castilla y Le\u00f3n.<\/p>\t\t\t\t\t\t\t\t<\/div>\n\t\t\t\t<\/div>\n\t\t\t\t<div class=\"elementor-element elementor-element-a1c2113 elementor-widget elementor-widget-image\" data-id=\"a1c2113\" data-element_type=\"widget\" data-e-type=\"widget\" data-widget_type=\"image.default\">\n\t\t\t\t<div class=\"elementor-widget-container\">\n\t\t\t\t\t\t\t\t\t\t\t\t\t\t\t<img decoding=\"async\" width=\"800\" height=\"394\" src=\"https:\/\/eiandyplanet.com\/wp-content\/uploads\/2025\/02\/PHOTO-2025-02-19-14-59-11.jpg\" class=\"attachment-large size-large wp-image-1108\" alt=\"\" srcset=\"https:\/\/eiandyplanet.com\/wp-content\/uploads\/2025\/02\/PHOTO-2025-02-19-14-59-11.jpg 1000w, https:\/\/eiandyplanet.com\/wp-content\/uploads\/2025\/02\/PHOTO-2025-02-19-14-59-11-300x148.jpg 300w, https:\/\/eiandyplanet.com\/wp-content\/uploads\/2025\/02\/PHOTO-2025-02-19-14-59-11-768x378.jpg 768w\" sizes=\"(max-width: 800px) 100vw, 800px\" \/>\t\t\t\t\t\t\t\t\t\t\t\t\t\t\t<\/div>\n\t\t\t\t<\/div>\n\t\t\t\t<div class=\"elementor-element elementor-element-e32d8c1 elementor-widget elementor-widget-text-editor\" data-id=\"e32d8c1\" data-element_type=\"widget\" data-e-type=\"widget\" data-widget_type=\"text-editor.default\">\n\t\t\t\t<div class=\"elementor-widget-container\">\n\t\t\t\t\t\t\t\t\t<p>El equipo educativo de Eiandy Planet llevamos desde 2019 trabajando en este proyecto, que surgi\u00f3 con la idea de\u00a0ofrecer un centro educativo flexible, adaptado tanto a nuestros alumnos como a sus familias y sus necesidades, con una educaci\u00f3n de calidad, creativa e innovadora.<\/p><p>Nuestro centro est\u00e1 acreditado y subvencionado por la Junta de Castilla y Le\u00f3n, abarcando el primer ciclo de educaci\u00f3n infantil (0-3 a\u00f1os). En el ofrecemos un amplio servicio a las familias que tratan de conciliar su vida laboral y familiar.<\/p><p>La finalidad de nuestro proyecto educativo es potenciar el desarrollo individual y colectivo de cada uno de nuestros alumnos, por eso trabajamos tratando de adaptarnos a los ritmos de crecimiento y desarrollo de nuestros alumnos. Porque cada ni\u00f1o es \u00fanico y tiene unas necesidades y capacidades propias.<\/p><p>Trabajamos con las metodolog\u00edas pedag\u00f3gicas m\u00e1s contrastadas y que creemos que pueden integrar a todos los alumnos, ayud\u00e1ndoles y gui\u00e1ndoles a aprender descubriendo, experimentando y divirti\u00e9ndose en todas y cada una de las fases de esta primera etapa educativa.<\/p><p>Queremos formar ni\u00f1os felices y con valores positivos; ni\u00f1os con recursos capaces de adaptarse correctamente a la sociedad en que viven y vivir\u00e1n.\u00a0Y para ello les transmitimos valores como la autonom\u00eda, la capacidad de superaci\u00f3n o la generosidad.<\/p><p>Contamos con un equipo de profesionales j\u00f3venes, que aman su trabajo y en constante formaci\u00f3n, que brinda a nuestros alumnos una atenci\u00f3n familiar y personalizada, con un horario amplio y flexible.<\/p><p>En nuestra escuela\u00a0el espacio ha sido dise\u00f1ado para favorecer el aprendizaje natural y divertido de tu hij@\u00a0en un entorno seguro. En las aulas, sus cinco sentidos ser\u00e1n sorprendidos con miniproyectos y metodolog\u00edas de trabajo, repletas de actividades, canciones, cuentos, talleres y muchas sorpresas que cada a\u00f1o seguimos incorporando, como nuestra nueva <a href=\"https:\/\/eiandyplanet.com\/?page_id=723\">\u00abAula Oscura\u00bb<\/a>.<\/p>\t\t\t\t\t\t\t\t<\/div>\n\t\t\t\t<\/div>\n\t\t\t\t<div class=\"elementor-element elementor-element-aa7a7aa elementor-widget elementor-widget-spacer\" data-id=\"aa7a7aa\" data-element_type=\"widget\" data-e-type=\"widget\" data-widget_type=\"spacer.default\">\n\t\t\t\t<div class=\"elementor-widget-container\">\n\t\t\t\t\t\t\t<div class=\"elementor-spacer\">\n\t\t\t<div class=\"elementor-spacer-inner\"><\/div>\n\t\t<\/div>\n\t\t\t\t\t\t<\/div>\n\t\t\t\t<\/div>\n\t\t\t\t<div class=\"elementor-element elementor-element-3ca2f28 elementor-widget elementor-widget-heading\" data-id=\"3ca2f28\" data-element_type=\"widget\" data-e-type=\"widget\" data-widget_type=\"heading.default\">\n\t\t\t\t<div class=\"elementor-widget-container\">\n\t\t\t\t\t<h2 class=\"elementor-heading-title elementor-size-default\">OTROS SERVICIOS<\/h2>\t\t\t\t<\/div>\n\t\t\t\t<\/div>\n\t\t\t\t<div class=\"elementor-element elementor-element-0c2dee9 elementor-view-default elementor-position-block-start elementor-mobile-position-block-start elementor-widget elementor-widget-icon-box\" data-id=\"0c2dee9\" data-element_type=\"widget\" data-e-type=\"widget\" data-widget_type=\"icon-box.default\">\n\t\t\t\t<div class=\"elementor-widget-container\">\n\t\t\t\t\t\t\t<div class=\"elementor-icon-box-wrapper\">\n\n\t\t\t\t\t\t<div class=\"elementor-icon-box-icon\">\n\t\t\t\t<span  class=\"elementor-icon\">\n\t\t\t\t<i aria-hidden=\"true\" class=\"fas fa-seedling\"><\/i>\t\t\t\t<\/span>\n\t\t\t<\/div>\n\t\t\t\n\t\t\t\t\t\t<div class=\"elementor-icon-box-content\">\n\n\t\t\t\t\t\t\t\t\t<h3 class=\"elementor-icon-box-title\">\n\t\t\t\t\t\t<span  >\n\t\t\t\t\t\t\tCampamento de Semana Santa\t\t\t\t\t\t<\/span>\n\t\t\t\t\t<\/h3>\n\t\t\t\t\n\t\t\t\t\n\t\t\t<\/div>\n\t\t\t\n\t\t<\/div>\n\t\t\t\t\t\t<\/div>\n\t\t\t\t<\/div>\n\t\t\t\t<div class=\"elementor-element elementor-element-d76abfe elementor-view-default elementor-position-block-start elementor-mobile-position-block-start elementor-widget elementor-widget-icon-box\" data-id=\"d76abfe\" data-element_type=\"widget\" data-e-type=\"widget\" data-widget_type=\"icon-box.default\">\n\t\t\t\t<div class=\"elementor-widget-container\">\n\t\t\t\t\t\t\t<div class=\"elementor-icon-box-wrapper\">\n\n\t\t\t\t\t\t<div class=\"elementor-icon-box-icon\">\n\t\t\t\t<span  class=\"elementor-icon\">\n\t\t\t\t<i aria-hidden=\"true\" class=\"fas fa-sun\"><\/i>\t\t\t\t<\/span>\n\t\t\t<\/div>\n\t\t\t\n\t\t\t\t\t\t<div class=\"elementor-icon-box-content\">\n\n\t\t\t\t\t\t\t\t\t<h3 class=\"elementor-icon-box-title\">\n\t\t\t\t\t\t<span  >\n\t\t\t\t\t\t\tEscuela de verano\t\t\t\t\t\t<\/span>\n\t\t\t\t\t<\/h3>\n\t\t\t\t\n\t\t\t\t\n\t\t\t<\/div>\n\t\t\t\n\t\t<\/div>\n\t\t\t\t\t\t<\/div>\n\t\t\t\t<\/div>\n\t\t\t\t<div class=\"elementor-element elementor-element-1c5cbb6 elementor-view-default elementor-position-block-start elementor-mobile-position-block-start elementor-widget elementor-widget-icon-box\" data-id=\"1c5cbb6\" data-element_type=\"widget\" data-e-type=\"widget\" data-widget_type=\"icon-box.default\">\n\t\t\t\t<div class=\"elementor-widget-container\">\n\t\t\t\t\t\t\t<div class=\"elementor-icon-box-wrapper\">\n\n\t\t\t\t\t\t<div class=\"elementor-icon-box-icon\">\n\t\t\t\t<span  class=\"elementor-icon\">\n\t\t\t\t<i aria-hidden=\"true\" class=\"fas fa-snowman\"><\/i>\t\t\t\t<\/span>\n\t\t\t<\/div>\n\t\t\t\n\t\t\t\t\t\t<div class=\"elementor-icon-box-content\">\n\n\t\t\t\t\t\t\t\t\t<h3 class=\"elementor-icon-box-title\">\n\t\t\t\t\t\t<span  >\n\t\t\t\t\t\t\tCampamento de Navidad\t\t\t\t\t\t<\/span>\n\t\t\t\t\t<\/h3>\n\t\t\t\t\n\t\t\t\t\n\t\t\t<\/div>\n\t\t\t\n\t\t<\/div>\n\t\t\t\t\t\t<\/div>\n\t\t\t\t<\/div>\n\t\t\t\t<div class=\"elementor-element elementor-element-32c3db5 elementor-align-center elementor-widget elementor-widget-button\" data-id=\"32c3db5\" data-element_type=\"widget\" data-e-type=\"widget\" data-widget_type=\"button.default\">\n\t\t\t\t<div class=\"elementor-widget-container\">\n\t\t\t\t\t\t\t\t\t<div class=\"elementor-button-wrapper\">\n\t\t\t\t\t<a class=\"elementor-button elementor-button-link elementor-size-sm\" href=\"https:\/\/eiandyplanet.com\/?page_id=958\">\n\t\t\t\t\t\t<span class=\"elementor-button-content-wrapper\">\n\t\t\t\t\t\t\t\t\t<span class=\"elementor-button-text\">Ver nuestros servicios<\/span>\n\t\t\t\t\t<\/span>\n\t\t\t\t\t<\/a>\n\t\t\t\t<\/div>\n\t\t\t\t\t\t\t\t<\/div>\n\t\t\t\t<\/div>\n\t\t\t\t<div class=\"elementor-element elementor-element-04c086a elementor-widget elementor-widget-spacer\" data-id=\"04c086a\" data-element_type=\"widget\" data-e-type=\"widget\" data-widget_type=\"spacer.default\">\n\t\t\t\t<div class=\"elementor-widget-container\">\n\t\t\t\t\t\t\t<div class=\"elementor-spacer\">\n\t\t\t<div class=\"elementor-spacer-inner\"><\/div>\n\t\t<\/div>\n\t\t\t\t\t\t<\/div>\n\t\t\t\t<\/div>\n\t\t\t\t<div class=\"elementor-element elementor-element-9614134 elementor-widget elementor-widget-heading\" data-id=\"9614134\" data-element_type=\"widget\" data-e-type=\"widget\" data-widget_type=\"heading.default\">\n\t\t\t\t<div class=\"elementor-widget-container\">\n\t\t\t\t\t<h2 class=\"elementor-heading-title elementor-size-default\">VEN A CONOCERNOS<\/h2>\t\t\t\t<\/div>\n\t\t\t\t<\/div>\n\t\t\t\t\t<\/div>\n\t\t<\/div>\n\t\t\t\t\t<\/div>\n\t\t<\/section>\n\t\t\t\t<section class=\"elementor-section elementor-top-section elementor-element elementor-element-6fcd1e8 elementor-section-boxed elementor-section-height-default elementor-section-height-default\" data-id=\"6fcd1e8\" data-element_type=\"section\" data-e-type=\"section\">\n\t\t\t\t\t\t<div class=\"elementor-container elementor-column-gap-default\">\n\t\t\t\t\t<div class=\"elementor-column elementor-col-100 elementor-top-column elementor-element elementor-element-7444020\" data-id=\"7444020\" data-element_type=\"column\" data-e-type=\"column\">\n\t\t\t<div class=\"elementor-widget-wrap elementor-element-populated\">\n\t\t\t\t\t\t<div class=\"elementor-element elementor-element-7cb3521 elementor-widget elementor-widget-google_maps\" data-id=\"7cb3521\" data-element_type=\"widget\" data-e-type=\"widget\" data-widget_type=\"google_maps.default\">\n\t\t\t\t<div class=\"elementor-widget-container\">\n\t\t\t\t\t\t\t<div class=\"elementor-custom-embed\">\n\t\t\t<iframe loading=\"lazy\"\n\t\t\t\t\tsrc=\"https:\/\/maps.google.com\/maps?q=avenida%20valladolid%2057%20soria&#038;t=m&#038;z=14&#038;output=embed&#038;iwloc=near\"\n\t\t\t\t\ttitle=\"avenida valladolid 57 soria\"\n\t\t\t\t\taria-label=\"avenida valladolid 57 soria\"\n\t\t\t><\/iframe>\n\t\t<\/div>\n\t\t\t\t\t\t<\/div>\n\t\t\t\t<\/div>\n\t\t\t\t<div class=\"elementor-element elementor-element-f8efd72 elementor-widget elementor-widget-spacer\" data-id=\"f8efd72\" data-element_type=\"widget\" data-e-type=\"widget\" data-widget_type=\"spacer.default\">\n\t\t\t\t<div class=\"elementor-widget-container\">\n\t\t\t\t\t\t\t<div class=\"elementor-spacer\">\n\t\t\t<div class=\"elementor-spacer-inner\"><\/div>\n\t\t<\/div>\n\t\t\t\t\t\t<\/div>\n\t\t\t\t<\/div>\n\t\t\t\t\t<\/div>\n\t\t<\/div>\n\t\t\t\t\t<\/div>\n\t\t<\/section>\n\t\t\t\t<\/div>\n\t\t","protected":false},"excerpt":{"rendered":"<p>Nuestro equipoTe presentamos a nuestra peque\u00f1a gran familiaHaz clic aqu\u00edCentro infantil de 0-3 a\u00f1osNos adaptamos a las necesidades y ritmos de cada ni\u00f1oCampamento UrbanoSemana Santa &#8211; Verano &#8211; NavidadHaz clic aqu\u00ed Centro infantil Eiandy Planet Centro subvencionado por la Junta de Castilla y Le\u00f3n. El equipo educativo de Eiandy Planet llevamos desde 2019 trabajando en [&hellip;]<\/p>\n","protected":false},"author":5,"featured_media":0,"parent":0,"menu_order":0,"comment_status":"closed","ping_status":"closed","template":"","meta":{"footnotes":""},"class_list":["post-8","page","type-page","status-publish","hentry"],"yoast_head":"<!-- This site is optimized with the Yoast SEO plugin v19.7.1 - https:\/\/yoast.com\/wordpress\/plugins\/seo\/ -->\n<title>CENTRO INFANTIL EIANDY PLANET - Eiandy Planet<\/title>\n<meta name=\"robots\" content=\"index, follow, max-snippet:-1, max-image-preview:large, max-video-preview:-1\" \/>\n<link rel=\"canonical\" href=\"https:\/\/eiandyplanet.com\/\" \/>\n<meta property=\"og:locale\" content=\"es_ES\" \/>\n<meta property=\"og:type\" content=\"article\" \/>\n<meta property=\"og:title\" content=\"CENTRO INFANTIL EIANDY PLANET - Eiandy Planet\" \/>\n<meta property=\"og:description\" content=\"Nuestro equipoTe presentamos a nuestra peque\u00f1a gran familiaHaz clic aqu\u00edCentro infantil de 0-3 a\u00f1osNos adaptamos a las necesidades y ritmos de cada ni\u00f1oCampamento UrbanoSemana Santa &#8211; Verano &#8211; NavidadHaz clic aqu\u00ed Centro infantil Eiandy Planet Centro subvencionado por la Junta de Castilla y Le\u00f3n. El equipo educativo de Eiandy Planet llevamos desde 2019 trabajando en [&hellip;]\" \/>\n<meta property=\"og:url\" content=\"https:\/\/eiandyplanet.com\/\" \/>\n<meta property=\"og:site_name\" content=\"Eiandy Planet\" \/>\n<meta property=\"article:modified_time\" content=\"2026-05-02T13:58:01+00:00\" \/>\n<meta property=\"og:image\" content=\"http:\/\/eiandyplanet.com\/wp-content\/uploads\/2021\/08\/cropped-eiandy-1.jpg\" \/>\n<meta name=\"twitter:card\" content=\"summary_large_image\" \/>\n<meta name=\"twitter:label1\" content=\"Tiempo de lectura\" \/>\n\t<meta name=\"twitter:data1\" content=\"9 minutos\" \/>\n<script type=\"application\/ld+json\" class=\"yoast-schema-graph\">{\"@context\":\"https:\/\/schema.org\",\"@graph\":[{\"@type\":\"WebPage\",\"@id\":\"https:\/\/eiandyplanet.com\/\",\"url\":\"https:\/\/eiandyplanet.com\/\",\"name\":\"CENTRO INFANTIL EIANDY PLANET - Eiandy Planet\",\"isPartOf\":{\"@id\":\"https:\/\/eiandyplanet.com\/#website\"},\"datePublished\":\"2021-07-16T12:11:00+00:00\",\"dateModified\":\"2026-05-02T13:58:01+00:00\",\"breadcrumb\":{\"@id\":\"https:\/\/eiandyplanet.com\/#breadcrumb\"},\"inLanguage\":\"es\",\"potentialAction\":[{\"@type\":\"ReadAction\",\"target\":[\"https:\/\/eiandyplanet.com\/\"]}]},{\"@type\":\"BreadcrumbList\",\"@id\":\"https:\/\/eiandyplanet.com\/#breadcrumb\",\"itemListElement\":[{\"@type\":\"ListItem\",\"position\":1,\"name\":\"Portada\",\"item\":\"https:\/\/eiandyplanet.com\/\"},{\"@type\":\"ListItem\",\"position\":2,\"name\":\"CENTRO INFANTIL EIANDY PLANET\"}]},{\"@type\":\"WebSite\",\"@id\":\"https:\/\/eiandyplanet.com\/#website\",\"url\":\"https:\/\/eiandyplanet.com\/\",\"name\":\"Eiandy Planet\",\"description\":\"Centro Infantil - Guarder\u00eda - 0 a 3 A\u00f1os\",\"publisher\":{\"@id\":\"https:\/\/eiandyplanet.com\/#organization\"},\"potentialAction\":[{\"@type\":\"SearchAction\",\"target\":{\"@type\":\"EntryPoint\",\"urlTemplate\":\"https:\/\/eiandyplanet.com\/?s={search_term_string}\"},\"query-input\":\"required name=search_term_string\"}],\"inLanguage\":\"es\"},{\"@type\":\"Organization\",\"@id\":\"https:\/\/eiandyplanet.com\/#organization\",\"name\":\"Eiandy Planet\",\"url\":\"https:\/\/eiandyplanet.com\/\",\"sameAs\":[],\"logo\":{\"@type\":\"ImageObject\",\"inLanguage\":\"es\",\"@id\":\"https:\/\/eiandyplanet.com\/#\/schema\/logo\/image\/\",\"url\":\"https:\/\/eiandyplanet.com\/wp-content\/uploads\/2021\/08\/cropped-eiandy-1.jpg\",\"contentUrl\":\"https:\/\/eiandyplanet.com\/wp-content\/uploads\/2021\/08\/cropped-eiandy-1.jpg\",\"width\":400,\"height\":200,\"caption\":\"Eiandy Planet\"},\"image\":{\"@id\":\"https:\/\/eiandyplanet.com\/#\/schema\/logo\/image\/\"}}]}<\/script>\n<!-- \/ Yoast SEO plugin. -->","yoast_head_json":{"title":"CENTRO INFANTIL EIANDY PLANET - Eiandy Planet","robots":{"index":"index","follow":"follow","max-snippet":"max-snippet:-1","max-image-preview":"max-image-preview:large","max-video-preview":"max-video-preview:-1"},"canonical":"https:\/\/eiandyplanet.com\/","og_locale":"es_ES","og_type":"article","og_title":"CENTRO INFANTIL EIANDY PLANET - Eiandy Planet","og_description":"Nuestro equipoTe presentamos a nuestra peque\u00f1a gran familiaHaz clic aqu\u00edCentro infantil de 0-3 a\u00f1osNos adaptamos a las necesidades y ritmos de cada ni\u00f1oCampamento UrbanoSemana Santa &#8211; Verano &#8211; NavidadHaz clic aqu\u00ed Centro infantil Eiandy Planet Centro subvencionado por la Junta de Castilla y Le\u00f3n. El equipo educativo de Eiandy Planet llevamos desde 2019 trabajando en [&hellip;]","og_url":"https:\/\/eiandyplanet.com\/","og_site_name":"Eiandy Planet","article_modified_time":"2026-05-02T13:58:01+00:00","og_image":[{"url":"http:\/\/eiandyplanet.com\/wp-content\/uploads\/2021\/08\/cropped-eiandy-1.jpg"}],"twitter_card":"summary_large_image","twitter_misc":{"Tiempo de lectura":"9 minutos"},"schema":{"@context":"https:\/\/schema.org","@graph":[{"@type":"WebPage","@id":"https:\/\/eiandyplanet.com\/","url":"https:\/\/eiandyplanet.com\/","name":"CENTRO INFANTIL EIANDY PLANET - Eiandy Planet","isPartOf":{"@id":"https:\/\/eiandyplanet.com\/#website"},"datePublished":"2021-07-16T12:11:00+00:00","dateModified":"2026-05-02T13:58:01+00:00","breadcrumb":{"@id":"https:\/\/eiandyplanet.com\/#breadcrumb"},"inLanguage":"es","potentialAction":[{"@type":"ReadAction","target":["https:\/\/eiandyplanet.com\/"]}]},{"@type":"BreadcrumbList","@id":"https:\/\/eiandyplanet.com\/#breadcrumb","itemListElement":[{"@type":"ListItem","position":1,"name":"Portada","item":"https:\/\/eiandyplanet.com\/"},{"@type":"ListItem","position":2,"name":"CENTRO INFANTIL EIANDY PLANET"}]},{"@type":"WebSite","@id":"https:\/\/eiandyplanet.com\/#website","url":"https:\/\/eiandyplanet.com\/","name":"Eiandy Planet","description":"Centro Infantil - Guarder\u00eda - 0 a 3 A\u00f1os","publisher":{"@id":"https:\/\/eiandyplanet.com\/#organization"},"potentialAction":[{"@type":"SearchAction","target":{"@type":"EntryPoint","urlTemplate":"https:\/\/eiandyplanet.com\/?s={search_term_string}"},"query-input":"required name=search_term_string"}],"inLanguage":"es"},{"@type":"Organization","@id":"https:\/\/eiandyplanet.com\/#organization","name":"Eiandy Planet","url":"https:\/\/eiandyplanet.com\/","sameAs":[],"logo":{"@type":"ImageObject","inLanguage":"es","@id":"https:\/\/eiandyplanet.com\/#\/schema\/logo\/image\/","url":"https:\/\/eiandyplanet.com\/wp-content\/uploads\/2021\/08\/cropped-eiandy-1.jpg","contentUrl":"https:\/\/eiandyplanet.com\/wp-content\/uploads\/2021\/08\/cropped-eiandy-1.jpg","width":400,"height":200,"caption":"Eiandy Planet"},"image":{"@id":"https:\/\/eiandyplanet.com\/#\/schema\/logo\/image\/"}}]}},"_links":{"self":[{"href":"https:\/\/eiandyplanet.com\/index.php?rest_route=\/wp\/v2\/pages\/8","targetHints":{"allow":["GET"]}}],"collection":[{"href":"https:\/\/eiandyplanet.com\/index.php?rest_route=\/wp\/v2\/pages"}],"about":[{"href":"https:\/\/eiandyplanet.com\/index.php?rest_route=\/wp\/v2\/types\/page"}],"author":[{"embeddable":true,"href":"https:\/\/eiandyplanet.com\/index.php?rest_route=\/wp\/v2\/users\/5"}],"replies":[{"embeddable":true,"href":"https:\/\/eiandyplanet.com\/index.php?rest_route=%2Fwp%2Fv2%2Fcomments&post=8"}],"version-history":[{"count":306,"href":"https:\/\/eiandyplanet.com\/index.php?rest_route=\/wp\/v2\/pages\/8\/revisions"}],"predecessor-version":[{"id":1347,"href":"https:\/\/eiandyplanet.com\/index.php?rest_route=\/wp\/v2\/pages\/8\/revisions\/1347"}],"wp:attachment":[{"href":"https:\/\/eiandyplanet.com\/index.php?rest_route=%2Fwp%2Fv2%2Fmedia&parent=8"}],"curies":[{"name":"wp","href":"https:\/\/api.w.org\/{rel}","templated":true}]}}